{"id":1005,"date":"2019-11-11T21:39:02","date_gmt":"2019-11-11T20:39:02","guid":{"rendered":"http:\/\/jochenschell.de\/?page_id=1005"},"modified":"2024-01-21T23:56:10","modified_gmt":"2024-01-21T22:56:10","slug":"impressum","status":"publish","type":"page","link":"https:\/\/jochenschell.de\/en\/impressum\/","title":{"rendered":"Imprint"},"content":{"rendered":"<div data-elementor-type=\"wp-page\" data-elementor-id=\"1005\" class=\"elementor elementor-1005\" data-elementor-post-type=\"page\">\n\t\t\t\t\t\t<section class=\"elementor-section elementor-top-section elementor-element elementor-element-6c5c759a elementor-section-full_width elementor-section-height-default elementor-section-height-default\" data-id=\"6c5c759a\" data-element_type=\"section\" data-e-type=\"section\" data-settings=\"{&quot;background_background&quot;:&quot;classic&quot;}\">\n\t\t\t\t\t\t\t<div class=\"elementor-background-overlay\"><\/div>\n\t\t\t\t\t\t\t<div class=\"elementor-container elementor-column-gap-default\">\n\t\t\t\t\t<div class=\"elementor-column elementor-col-100 elementor-top-column elementor-element elementor-element-70cb0516\" data-id=\"70cb0516\" data-element_type=\"column\" data-e-type=\"column\">\n\t\t\t<div class=\"elementor-widget-wrap elementor-element-populated\">\n\t\t\t\t\t\t<section class=\"elementor-section elementor-inner-section elementor-element elementor-element-3a3749f2 elementor-section-full_width elementor-section-height-default elementor-section-height-default\" data-id=\"3a3749f2\" data-element_type=\"section\" data-e-type=\"section\">\n\t\t\t\t\t\t<div class=\"elementor-container elementor-column-gap-default\">\n\t\t\t\t\t<div class=\"elementor-column elementor-col-50 elementor-inner-column elementor-element elementor-element-9ff858c\" data-id=\"9ff858c\" data-element_type=\"column\" data-e-type=\"column\">\n\t\t\t<div class=\"elementor-widget-wrap elementor-element-populated\">\n\t\t\t\t\t\t<div class=\"elementor-element elementor-element-3b80106d elementor-widget elementor-widget-image\" data-id=\"3b80106d\" data-element_type=\"widget\" data-e-type=\"widget\" data-widget_type=\"image.default\">\n\t\t\t\t<div class=\"elementor-widget-container\">\n\t\t\t\t\t\t\t\t\t\t\t\t\t\t\t\t<a href=\"http:\/\/jochenschell.de\/en\/\">\n\t\t\t\t\t\t\t<img decoding=\"async\" width=\"250\" height=\"99\" src=\"https:\/\/jochenschell.de\/wp-content\/uploads\/2019\/10\/Logo-kl.png\" class=\"attachment-large size-large wp-image-575\" alt=\"\" \/>\t\t\t\t\t\t\t\t<\/a>\n\t\t\t\t\t\t\t\t\t\t\t\t\t\t\t<\/div>\n\t\t\t\t<\/div>\n\t\t\t\t\t<\/div>\n\t\t<\/div>\n\t\t\t\t<div class=\"elementor-column elementor-col-50 elementor-inner-column elementor-element elementor-element-5995e2a4\" data-id=\"5995e2a4\" data-element_type=\"column\" data-e-type=\"column\">\n\t\t\t<div class=\"elementor-widget-wrap elementor-element-populated\">\n\t\t\t\t\t\t<div class=\"elementor-element elementor-element-654b0b7 elementor-widget elementor-widget-ekit-nav-menu\" data-id=\"654b0b7\" data-element_type=\"widget\" data-e-type=\"widget\" data-widget_type=\"ekit-nav-menu.default\">\n\t\t\t\t<div class=\"elementor-widget-container\">\n\t\t\t\t\t\t\t<nav class=\"ekit-wid-con ekit_menu_responsive_tablet\"\n\t\t\tdata-hamburger-icon=\"\"\n\t\t\tdata-hamburger-icon-type=\"icon\"\n\t\t\tdata-responsive-breakpoint=\"1024\">\n\t\t\t            <button class=\"elementskit-menu-hamburger elementskit-menu-toggler\"  type=\"button\" aria-label=\"hamburger-icon\">\n                                    <span class=\"elementskit-menu-hamburger-icon\"><\/span><span class=\"elementskit-menu-hamburger-icon\"><\/span><span class=\"elementskit-menu-hamburger-icon\"><\/span>\n                            <\/button>\n            <div id=\"ekit-megamenu-test\" class=\"elementskit-menu-container elementskit-menu-offcanvas-elements elementskit-navbar-nav-default ekit-nav-menu-one-page- ekit-nav-dropdown-hover\"><ul id=\"menu-test\" class=\"elementskit-navbar-nav elementskit-menu-po-right submenu-click-on-icon\"><li id=\"menu-item-547\" class=\"menu-item menu-item-type-custom menu-item-object-custom menu-item-547 nav-item elementskit-mobile-builder-content\" data-vertical-menu=\"750px\"><a href=\"https:\/\/jochenschell.de\/en\/\" class=\"ekit-menu-nav-link menu-link\">about<\/a><\/li>\n<li id=\"menu-item-1016\" class=\"menu-item menu-item-type-custom menu-item-object-custom menu-item-has-children menu-item-1016 nav-item elementskit-dropdown-has relative_position elementskit-dropdown-menu-default_width elementskit-mobile-builder-content\" data-vertical-menu=\"750px\"><a href=\"#\" class=\"ekit-menu-nav-link ekit-menu-dropdown-toggle menu-link\">Acts<i aria-hidden=\"true\" class=\"icon icon-arrow-point-to-down elementskit-submenu-indicator\"><\/i><\/a>\n<ul class=\"elementskit-dropdown elementskit-submenu-panel\">\n\t<li id=\"menu-item-528\" class=\"menu-item menu-item-type-post_type menu-item-object-page menu-item-528 nav-item elementskit-mobile-builder-content\" data-vertical-menu=\"750px\"><a href=\"https:\/\/jochenschell.de\/en\/kreisel-show\/\" class=\"dropdown-item menu-link\">Spinning-Top-Show<\/a>\t<li id=\"menu-item-887\" class=\"menu-item menu-item-type-post_type menu-item-object-page menu-item-887 nav-item elementskit-mobile-builder-content\" data-vertical-menu=\"750px\"><a href=\"https:\/\/jochenschell.de\/en\/ringe-act\/\" class=\"dropdown-item menu-link\">Ring-Act<\/a>\t<li id=\"menu-item-984\" class=\"menu-item menu-item-type-post_type menu-item-object-page menu-item-984 nav-item elementskit-mobile-builder-content\" data-vertical-menu=\"750px\"><a href=\"https:\/\/jochenschell.de\/en\/kugel-act\/\" class=\"dropdown-item menu-link\">Boule-Act<\/a>\t<li id=\"menu-item-976\" class=\"menu-item menu-item-type-post_type menu-item-object-page menu-item-976 nav-item elementskit-mobile-builder-content\" data-vertical-menu=\"750px\"><a href=\"https:\/\/jochenschell.de\/en\/staebe-tanz\/\" class=\"dropdown-item menu-link\">Stick-Dance<\/a>\t<li id=\"menu-item-1004\" class=\"menu-item menu-item-type-post_type menu-item-object-page menu-item-1004 nav-item elementskit-mobile-builder-content\" data-vertical-menu=\"750px\"><a href=\"https:\/\/jochenschell.de\/en\/jalousie\/\" class=\"dropdown-item menu-link\">Nankin Tamasudare<\/a><\/ul>\n<\/li>\n<li id=\"menu-item-529\" class=\"menu-item menu-item-type-post_type menu-item-object-page menu-item-529 nav-item elementskit-mobile-builder-content\" data-vertical-menu=\"750px\"><a href=\"https:\/\/jochenschell.de\/en\/referenzen\/\" class=\"ekit-menu-nav-link menu-link\">references<\/a><\/li>\n<li id=\"menu-item-1017\" class=\"menu-item menu-item-type-custom menu-item-object-custom menu-item-has-children menu-item-1017 nav-item elementskit-dropdown-has relative_position elementskit-dropdown-menu-default_width elementskit-mobile-builder-content\" data-vertical-menu=\"750px\"><a href=\"#\" class=\"ekit-menu-nav-link ekit-menu-dropdown-toggle menu-link\">Contact<i aria-hidden=\"true\" class=\"icon icon-arrow-point-to-down elementskit-submenu-indicator\"><\/i><\/a>\n<ul class=\"elementskit-dropdown elementskit-submenu-panel\">\n\t<li id=\"menu-item-1011\" class=\"menu-item menu-item-type-post_type menu-item-object-page menu-item-1011 nav-item elementskit-mobile-builder-content\" data-vertical-menu=\"750px\"><a href=\"https:\/\/jochenschell.de\/en\/kontakt\/\" class=\"dropdown-item menu-link\">Contact<\/a>\t<li id=\"menu-item-952\" class=\"menu-item menu-item-type-post_type menu-item-object-page menu-item-privacy-policy menu-item-952 nav-item elementskit-mobile-builder-content\" data-vertical-menu=\"750px\"><a href=\"https:\/\/jochenschell.de\/en\/datenschutz\/\" class=\"dropdown-item menu-link\">Privacy statement<\/a>\t<li id=\"menu-item-1010\" class=\"menu-item menu-item-type-post_type menu-item-object-page menu-item-1010 nav-item elementskit-mobile-builder-content\" data-vertical-menu=\"750px\"><a href=\"https:\/\/jochenschell.de\/en\/impressum\/\" class=\"dropdown-item menu-link\">Imprint<\/a>\t<li id=\"menu-item-1272\" class=\"menu-item menu-item-type-post_type menu-item-object-page menu-item-1272 nav-item elementskit-mobile-builder-content\" data-vertical-menu=\"750px\"><a href=\"https:\/\/jochenschell.de\/en\/cookie-richtlinie-eu\/\" class=\"dropdown-item menu-link\">Cookie-Richtlinie (EU)<\/a>\t<li id=\"menu-item-1032\" class=\"menu-item menu-item-type-post_type menu-item-object-page menu-item-1032 nav-item elementskit-mobile-builder-content\" data-vertical-menu=\"750px\"><a href=\"https:\/\/jochenschell.de\/en\/credits\/\" class=\"dropdown-item menu-link\">Credits<\/a><\/ul>\n<\/li>\n<li id=\"menu-item-893\" class=\"trp-language-switcher-container menu-item menu-item-type-post_type menu-item-object-language_switcher menu-item-has-children current-language-menu-item menu-item-893 nav-item elementskit-dropdown-has relative_position elementskit-dropdown-menu-default_width elementskit-mobile-builder-content\" data-vertical-menu=\"750px\"><a href=\"https:\/\/jochenschell.de\/en\/wp-json\/wp\/v2\/pages\/1005\" class=\"ekit-menu-nav-link ekit-menu-dropdown-toggle menu-link\"><span data-no-translation><img decoding=\"async\" class=\"trp-flag-image\" src=\"https:\/\/jochenschell.de\/wp-content\/plugins\/translatepress-multilingual\/assets\/images\/flags\/en_GB.png\" width=\"18\" height=\"12\" alt=\"en_GB\" title=\"English (UK)\"><\/span><i aria-hidden=\"true\" class=\"icon icon-arrow-point-to-down elementskit-submenu-indicator\"><\/i><\/a>\n<ul class=\"elementskit-dropdown elementskit-submenu-panel\">\n\t<li id=\"menu-item-779\" class=\"trp-language-switcher-container menu-item menu-item-type-post_type menu-item-object-language_switcher current-language-menu-item menu-item-779 nav-item elementskit-mobile-builder-content\" data-vertical-menu=\"750px\"><a href=\"https:\/\/jochenschell.de\/en\/wp-json\/wp\/v2\/pages\/1005\" class=\"dropdown-item menu-link\"><span data-no-translation><img decoding=\"async\" class=\"trp-flag-image\" src=\"https:\/\/jochenschell.de\/wp-content\/plugins\/translatepress-multilingual\/assets\/images\/flags\/de_DE.png\" width=\"18\" height=\"12\" alt=\"de_DE\" title=\"Deutsch\"><\/span><\/a><\/ul>\n<\/li>\n<\/ul><div class=\"elementskit-nav-identity-panel\"><button class=\"elementskit-menu-close elementskit-menu-toggler\" type=\"button\">X<\/button><\/div><\/div>\n\t\t\t<div class=\"elementskit-menu-overlay elementskit-menu-offcanvas-elements elementskit-menu-toggler ekit-nav-menu--overlay\"><\/div>        <\/nav>\n\t\t\t\t\t\t<\/div>\n\t\t\t\t<\/div>\n\t\t\t\t\t<\/div>\n\t\t<\/div>\n\t\t\t\t\t<\/div>\n\t\t<\/section>\n\t\t\t\t<div class=\"elementor-element elementor-element-219970bc elementor-widget elementor-widget-spacer\" data-id=\"219970bc\" data-element_type=\"widget\" data-e-type=\"widget\" data-widget_type=\"spacer.default\">\n\t\t\t\t<div class=\"elementor-widget-container\">\n\t\t\t\t\t\t\t<div class=\"elementor-spacer\">\n\t\t\t<div class=\"elementor-spacer-inner\"><\/div>\n\t\t<\/div>\n\t\t\t\t\t\t<\/div>\n\t\t\t\t<\/div>\n\t\t\t\t<div class=\"elementor-element elementor-element-236c5578 elementor-widget elementor-widget-spacer\" data-id=\"236c5578\" data-element_type=\"widget\" data-e-type=\"widget\" data-widget_type=\"spacer.default\">\n\t\t\t\t<div class=\"elementor-widget-container\">\n\t\t\t\t\t\t\t<div class=\"elementor-spacer\">\n\t\t\t<div class=\"elementor-spacer-inner\"><\/div>\n\t\t<\/div>\n\t\t\t\t\t\t<\/div>\n\t\t\t\t<\/div>\n\t\t\t\t<div class=\"elementor-element elementor-element-e097072 elementor-widget elementor-widget-heading\" data-id=\"e097072\" data-element_type=\"widget\" data-e-type=\"widget\" data-widget_type=\"heading.default\">\n\t\t\t\t<div class=\"elementor-widget-container\">\n\t\t\t\t\t<h2 class=\"elementor-heading-title elementor-size-default\">Imprint<\/h2>\t\t\t\t<\/div>\n\t\t\t\t<\/div>\n\t\t\t\t<div class=\"elementor-element elementor-element-57726390 elementor-widget elementor-widget-text-editor\" data-id=\"57726390\" data-element_type=\"widget\" data-e-type=\"widget\" data-widget_type=\"text-editor.default\">\n\t\t\t\t<div class=\"elementor-widget-container\">\n\t\t\t\t\t\t\t\t\t<h2>Information according to \u00a7 5 TMG:<\/h2><p style=\"padding-left: 40px;\">Hans-Joachim Schell<br \/>K\u00e4the-Niederkirchner-Str. 31<br \/>D-10407 Berlin<\/p><h2>Contact<\/h2><p style=\"padding-left: 40px;\">+49 (0)172 6719930<br \/>ibuy@jochenschell.de<\/p><h2>Value added tax:<\/h2><p style=\"padding-left: 40px;\">Sales tax identification number according to \u00a727 a sales tax law:<\/p><p style=\"padding-left: 40px;\">\u00a0DE155000415<\/p><h2>Responsible for the content according to \u00a7 55 Abs. 2 RStV:<\/h2><p style=\"padding-left: 40px;\">Hans-Joachim Schell<\/p><p style=\"padding-left: 40px;\">K\u00e4the-Niederkirchner-Str. 31<\/p><p style=\"padding-left: 40px;\">D-10407 Berlin<\/p><h2>dispute settlement<\/h2><p style=\"padding-left: 40px;\">The European Commission provides a platform for online dispute resolution (OS): https:\/\/ec.europa.eu\/consumers\/odr. You can find our e-mail address in the imprint above.<\/p><p style=\"padding-left: 40px;\">We are not willing or obliged to participate in dispute resolution proceedings before a consumer mediation body.<\/p><p style=\"padding-left: 40px;\">Liability for contents<br \/>As a service provider we are responsible according to \u00a7 7 Abs.1 TMG for our own contents on these pages according to the general laws. According to \u00a7\u00a7 8 to 10 TMG, we are not obliged to monitor transmitted or stored third-party information or to investigate circumstances that indicate illegal activity.<\/p><p style=\"padding-left: 40px;\">Obligations to remove or block the use of information in accordance with general laws remain unaffected by this. A liability in this respect is however only possible from the time of knowledge of a concrete infringement. As soon as we become aware of such infringements, we will remove the content immediately.<\/p><h2>Liability for links<\/h2><p style=\"padding-left: 40px;\">Our offer contains links to external websites of third parties on whose contents we have no influence. Therefore, we cannot assume any liability for these external contents. The respective provider or operator of the pages is always responsible for the contents of the linked pages. The linked pages were checked for possible legal infringements at the time of linking. Illegal contents were not recognisable at the time of linking.\n\nTranslated with www.DeepL.com\/Translator<\/p><p style=\"padding-left: 40px;\">However, a permanent control of the contents of the linked pages is not reasonable without concrete evidence of a violation of law. As soon as we become aware of any legal infringements, we will remove such links immediately.<\/p><h2>copyright<\/h2><p style=\"padding-left: 40px;\">The contents and works on these pages created by the site operators are subject to German copyright law. Duplication, processing, distribution and any form of commercialization of such material beyond the scope of the copyright law shall require the prior written consent of its respective author or creator. Downloads and copies of these pages are only permitted for private, non-commercial use.<\/p><p style=\"padding-left: 40px;\">Insofar as the content on this site was not created by the operator, the copyrights of third parties are respected. In particular, contents of third parties are marked as such. Should you nevertheless become aware of a copyright infringement, we will not be held liable.<br \/>please inform us accordingly. As soon as we become aware of any legal infringements, we will remove such content immediately.<\/p>\t\t\t\t\t\t\t\t<\/div>\n\t\t\t\t<\/div>\n\t\t\t\t<div class=\"elementor-element elementor-element-7eefa8c elementor-widget elementor-widget-template\" data-id=\"7eefa8c\" data-element_type=\"widget\" data-e-type=\"widget\" data-widget_type=\"template.default\">\n\t\t\t\t<div class=\"elementor-widget-container\">\n\t\t\t\t\t\t\t<div class=\"elementor-template\">\n\t\t\t\t\t<footer data-elementor-type=\"footer\" data-elementor-id=\"1215\" class=\"elementor elementor-1215\" data-elementor-post-type=\"elementor_library\">\n\t\t\t\t\t<footer class=\"elementor-section elementor-top-section elementor-element elementor-element-5099879 elementor-section-content-middle elementor-section-boxed elementor-section-height-default elementor-section-height-default\" data-id=\"5099879\" data-element_type=\"section\" data-e-type=\"section\" data-settings=\"{&quot;background_background&quot;:&quot;classic&quot;}\">\n\t\t\t\t\t\t<div class=\"elementor-container elementor-column-gap-default\">\n\t\t\t\t\t<div class=\"elementor-column elementor-col-100 elementor-top-column elementor-element elementor-element-3a221568\" data-id=\"3a221568\" data-element_type=\"column\" data-e-type=\"column\">\n\t\t\t<div class=\"elementor-widget-wrap elementor-element-populated\">\n\t\t\t\t\t\t<div class=\"elementor-element elementor-element-15daf7bd elementor-widget elementor-widget-heading\" data-id=\"15daf7bd\" data-element_type=\"widget\" data-e-type=\"widget\" data-widget_type=\"heading.default\">\n\t\t\t\t<div class=\"elementor-widget-container\">\n\t\t\t\t\t<p class=\"elementor-heading-title elementor-size-default\"><a href=\"https:\/\/jochenschell.de\/en\/\">\u00a9 2020  All rights Reserved by Jochen Schell<\/a><\/p>\t\t\t\t<\/div>\n\t\t\t\t<\/div>\n\t\t\t\t\t<\/div>\n\t\t<\/div>\n\t\t\t\t\t<\/div>\n\t\t<\/footer>\n\t\t\t\t<\/footer>\n\t\t\t\t<\/div>\n\t\t\t\t\t\t<\/div>\n\t\t\t\t<\/div>\n\t\t\t\t\t<\/div>\n\t\t<\/div>\n\t\t\t\t\t<\/div>\n\t\t<\/section>\n\t\t\t\t<\/div>","protected":false},"excerpt":{"rendered":"<p>about Acts Kreisel-Show Ringe-Act Kugel-Act St\u00e4betanz Jalousie Referenzen Kontakt Kontakt Datenschutz Impressum Cookie-Richtlinie (EU) Credits X Impressum Angaben gem\u00e4\u00df \u00a7 5 TMG: Hans-Joachim SchellK\u00e4the-Niederkirchner-Str. 31D-10407 Berlin Kontakt: +49 (0)172 6719930ibuy@jochenschell.de Umsatzsteuer: Umsatzsteuer-Identifikationsnummer gem\u00e4\u00df \u00a727 a Umsatzsteuergesetz: \u00a0DE155000415 Verantwortlich f\u00fcr den Inhalt nach \u00a7 55 Abs. 2 RStV: Hans-Joachim Schell K\u00e4the-Niederkirchner-Str. 31 D-10407 Berlin Streitschlichtung Die [&hellip;]<\/p>\n","protected":false},"author":1,"featured_media":0,"parent":0,"menu_order":0,"comment_status":"closed","ping_status":"closed","template":"elementor_canvas","meta":{"site-sidebar-layout":"no-sidebar","site-content-layout":"page-builder","ast-site-content-layout":"","site-content-style":"default","site-sidebar-style":"default","ast-global-header-display":"","ast-banner-title-visibility":"","ast-main-header-display":"","ast-hfb-above-header-display":"","ast-hfb-below-header-display":"","ast-hfb-mobile-header-display":"","site-post-title":"disabled","ast-breadcrumbs-content":"","ast-featured-img":"disabled","footer-sml-layout":"","theme-transparent-header-meta":"default","adv-header-id-meta":"","stick-header-meta":"","header-above-stick-meta":"","header-main-stick-meta":"","header-below-stick-meta":"","astra-migrate-meta-layouts":"default","ast-page-background-enabled":"default","ast-page-background-meta":{"desktop":{"background-color":"","background-image":"","background-repeat":"repeat","background-position":"center center","background-size":"auto","background-attachment":"scroll","background-type":"","background-media":"","overlay-type":"","overlay-color":"","overlay-gradient":""},"tablet":{"background-color":"","background-image":"","background-repeat":"repeat","background-position":"center center","background-size":"auto","background-attachment":"scroll","background-type":"","background-media":"","overlay-type":"","overlay-color":"","overlay-gradient":""},"mobile":{"background-color":"","background-image":"","background-repeat":"repeat","background-position":"center center","background-size":"auto","background-attachment":"scroll","background-type":"","background-media":"","overlay-type":"","overlay-color":"","overlay-gradient":""}},"ast-content-background-meta":{"desktop":{"background-color":"var(--ast-global-color-5)","background-image":"","background-repeat":"repeat","background-position":"center center","background-size":"auto","background-attachment":"scroll","background-type":"","background-media":"","overlay-type":"","overlay-color":"","overlay-gradient":""},"tablet":{"background-color":"var(--ast-global-color-5)","background-image":"","background-repeat":"repeat","background-position":"center center","background-size":"auto","background-attachment":"scroll","background-type":"","background-media":"","overlay-type":"","overlay-color":"","overlay-gradient":""},"mobile":{"background-color":"var(--ast-global-color-5)","background-image":"","background-repeat":"repeat","background-position":"center center","background-size":"auto","background-attachment":"scroll","background-type":"","background-media":"","overlay-type":"","overlay-color":"","overlay-gradient":""}},"footnotes":""},"class_list":["post-1005","page","type-page","status-publish","hentry"],"_links":{"self":[{"href":"https:\/\/jochenschell.de\/en\/wp-json\/wp\/v2\/pages\/1005","targetHints":{"allow":["GET"]}}],"collection":[{"href":"https:\/\/jochenschell.de\/en\/wp-json\/wp\/v2\/pages"}],"about":[{"href":"https:\/\/jochenschell.de\/en\/wp-json\/wp\/v2\/types\/page"}],"author":[{"embeddable":true,"href":"https:\/\/jochenschell.de\/en\/wp-json\/wp\/v2\/users\/1"}],"replies":[{"embeddable":true,"href":"https:\/\/jochenschell.de\/en\/wp-json\/wp\/v2\/comments?post=1005"}],"version-history":[{"count":9,"href":"https:\/\/jochenschell.de\/en\/wp-json\/wp\/v2\/pages\/1005\/revisions"}],"predecessor-version":[{"id":1333,"href":"https:\/\/jochenschell.de\/en\/wp-json\/wp\/v2\/pages\/1005\/revisions\/1333"}],"wp:attachment":[{"href":"https:\/\/jochenschell.de\/en\/wp-json\/wp\/v2\/media?parent=1005"}],"curies":[{"name":"wp","href":"https:\/\/api.w.org\/{rel}","templated":true}]}}