{"id":441,"date":"2019-10-29T12:29:38","date_gmt":"2019-10-29T11:29:38","guid":{"rendered":"http:\/\/jochenschell.de\/?page_id=441"},"modified":"2024-01-21T23:56:36","modified_gmt":"2024-01-21T22:56:36","slug":"referenzen","status":"publish","type":"page","link":"https:\/\/jochenschell.de\/en\/referenzen\/","title":{"rendered":"references"},"content":{"rendered":"<div data-elementor-type=\"wp-page\" data-elementor-id=\"441\" class=\"elementor elementor-441\" data-elementor-post-type=\"page\">\n\t\t\t\t\t\t<section class=\"elementor-section elementor-top-section elementor-element elementor-element-7567e677 elementor-section-full_width elementor-section-height-default elementor-section-height-default\" data-id=\"7567e677\" data-element_type=\"section\" data-e-type=\"section\" data-settings=\"{&quot;background_background&quot;:&quot;classic&quot;}\">\n\t\t\t\t\t\t\t<div class=\"elementor-background-overlay\"><\/div>\n\t\t\t\t\t\t\t<div class=\"elementor-container elementor-column-gap-default\">\n\t\t\t\t\t<div class=\"elementor-column elementor-col-100 elementor-top-column elementor-element elementor-element-7d1b3e62\" data-id=\"7d1b3e62\" data-element_type=\"column\" data-e-type=\"column\">\n\t\t\t<div class=\"elementor-widget-wrap elementor-element-populated\">\n\t\t\t\t\t\t<section class=\"elementor-section elementor-inner-section elementor-element elementor-element-9b2f1c6 elementor-section-full_width elementor-section-height-default elementor-section-height-default\" data-id=\"9b2f1c6\" data-element_type=\"section\" data-e-type=\"section\">\n\t\t\t\t\t\t<div class=\"elementor-container elementor-column-gap-default\">\n\t\t\t\t\t<div class=\"elementor-column elementor-col-50 elementor-inner-column elementor-element elementor-element-57c94e67\" data-id=\"57c94e67\" data-element_type=\"column\" data-e-type=\"column\">\n\t\t\t<div class=\"elementor-widget-wrap elementor-element-populated\">\n\t\t\t\t\t\t<div class=\"elementor-element elementor-element-5fb45bf8 elementor-widget elementor-widget-image\" data-id=\"5fb45bf8\" data-element_type=\"widget\" data-e-type=\"widget\" data-widget_type=\"image.default\">\n\t\t\t\t<div class=\"elementor-widget-container\">\n\t\t\t\t\t\t\t\t\t\t\t\t\t\t\t\t<a href=\"http:\/\/jochenschell.de\/en\/\">\n\t\t\t\t\t\t\t<img decoding=\"async\" width=\"250\" height=\"99\" src=\"https:\/\/jochenschell.de\/wp-content\/uploads\/2019\/10\/Logo-kl.png\" class=\"attachment-large size-large wp-image-575\" alt=\"\" \/>\t\t\t\t\t\t\t\t<\/a>\n\t\t\t\t\t\t\t\t\t\t\t\t\t\t\t<\/div>\n\t\t\t\t<\/div>\n\t\t\t\t\t<\/div>\n\t\t<\/div>\n\t\t\t\t<div class=\"elementor-column elementor-col-50 elementor-inner-column elementor-element elementor-element-1541c82c\" data-id=\"1541c82c\" data-element_type=\"column\" data-e-type=\"column\">\n\t\t\t<div class=\"elementor-widget-wrap elementor-element-populated\">\n\t\t\t\t\t\t<div class=\"elementor-element elementor-element-3207c425 elementor-widget elementor-widget-ekit-nav-menu\" data-id=\"3207c425\" data-element_type=\"widget\" data-e-type=\"widget\" data-widget_type=\"ekit-nav-menu.default\">\n\t\t\t\t<div class=\"elementor-widget-container\">\n\t\t\t\t\t\t\t<nav class=\"ekit-wid-con ekit_menu_responsive_tablet\"\n\t\t\tdata-hamburger-icon=\"\"\n\t\t\tdata-hamburger-icon-type=\"icon\"\n\t\t\tdata-responsive-breakpoint=\"1024\">\n\t\t\t            <button class=\"elementskit-menu-hamburger elementskit-menu-toggler\"  type=\"button\" aria-label=\"hamburger-icon\">\n                                    <span class=\"elementskit-menu-hamburger-icon\"><\/span><span class=\"elementskit-menu-hamburger-icon\"><\/span><span class=\"elementskit-menu-hamburger-icon\"><\/span>\n                            <\/button>\n            <div id=\"ekit-megamenu-test\" class=\"elementskit-menu-container elementskit-menu-offcanvas-elements elementskit-navbar-nav-default ekit-nav-menu-one-page- ekit-nav-dropdown-hover\"><ul id=\"menu-test\" class=\"elementskit-navbar-nav elementskit-menu-po-right submenu-click-on-icon\"><li id=\"menu-item-547\" class=\"menu-item menu-item-type-custom menu-item-object-custom menu-item-547 nav-item elementskit-mobile-builder-content\" data-vertical-menu=\"750px\"><a href=\"https:\/\/jochenschell.de\/en\/\" class=\"ekit-menu-nav-link menu-link\">about<\/a><\/li>\n<li id=\"menu-item-1016\" class=\"menu-item menu-item-type-custom menu-item-object-custom menu-item-has-children menu-item-1016 nav-item elementskit-dropdown-has relative_position elementskit-dropdown-menu-default_width elementskit-mobile-builder-content\" data-vertical-menu=\"750px\"><a href=\"#\" class=\"ekit-menu-nav-link ekit-menu-dropdown-toggle menu-link\">Acts<i aria-hidden=\"true\" class=\"icon icon-arrow-point-to-down elementskit-submenu-indicator\"><\/i><\/a>\n<ul class=\"elementskit-dropdown elementskit-submenu-panel\">\n\t<li id=\"menu-item-528\" class=\"menu-item menu-item-type-post_type menu-item-object-page menu-item-528 nav-item elementskit-mobile-builder-content\" data-vertical-menu=\"750px\"><a href=\"https:\/\/jochenschell.de\/en\/kreisel-show\/\" class=\"dropdown-item menu-link\">Spinning-Top-Show<\/a>\t<li id=\"menu-item-887\" class=\"menu-item menu-item-type-post_type menu-item-object-page menu-item-887 nav-item elementskit-mobile-builder-content\" data-vertical-menu=\"750px\"><a href=\"https:\/\/jochenschell.de\/en\/ringe-act\/\" class=\"dropdown-item menu-link\">Ring-Act<\/a>\t<li id=\"menu-item-984\" class=\"menu-item menu-item-type-post_type menu-item-object-page menu-item-984 nav-item elementskit-mobile-builder-content\" data-vertical-menu=\"750px\"><a href=\"https:\/\/jochenschell.de\/en\/kugel-act\/\" class=\"dropdown-item menu-link\">Boule-Act<\/a>\t<li id=\"menu-item-976\" class=\"menu-item menu-item-type-post_type menu-item-object-page menu-item-976 nav-item elementskit-mobile-builder-content\" data-vertical-menu=\"750px\"><a href=\"https:\/\/jochenschell.de\/en\/staebe-tanz\/\" class=\"dropdown-item menu-link\">Stick-Dance<\/a>\t<li id=\"menu-item-1004\" class=\"menu-item menu-item-type-post_type menu-item-object-page menu-item-1004 nav-item elementskit-mobile-builder-content\" data-vertical-menu=\"750px\"><a href=\"https:\/\/jochenschell.de\/en\/jalousie\/\" class=\"dropdown-item menu-link\">Nankin Tamasudare<\/a><\/ul>\n<\/li>\n<li id=\"menu-item-529\" class=\"menu-item menu-item-type-post_type menu-item-object-page menu-item-529 nav-item elementskit-mobile-builder-content\" data-vertical-menu=\"750px\"><a href=\"https:\/\/jochenschell.de\/en\/referenzen\/\" class=\"ekit-menu-nav-link menu-link\">references<\/a><\/li>\n<li id=\"menu-item-1017\" class=\"menu-item menu-item-type-custom menu-item-object-custom menu-item-has-children menu-item-1017 nav-item elementskit-dropdown-has relative_position elementskit-dropdown-menu-default_width elementskit-mobile-builder-content\" data-vertical-menu=\"750px\"><a href=\"#\" class=\"ekit-menu-nav-link ekit-menu-dropdown-toggle menu-link\">Contact<i aria-hidden=\"true\" class=\"icon icon-arrow-point-to-down elementskit-submenu-indicator\"><\/i><\/a>\n<ul class=\"elementskit-dropdown elementskit-submenu-panel\">\n\t<li id=\"menu-item-1011\" class=\"menu-item menu-item-type-post_type menu-item-object-page menu-item-1011 nav-item elementskit-mobile-builder-content\" data-vertical-menu=\"750px\"><a href=\"https:\/\/jochenschell.de\/en\/kontakt\/\" class=\"dropdown-item menu-link\">Contact<\/a>\t<li id=\"menu-item-952\" class=\"menu-item menu-item-type-post_type menu-item-object-page menu-item-privacy-policy menu-item-952 nav-item elementskit-mobile-builder-content\" data-vertical-menu=\"750px\"><a href=\"https:\/\/jochenschell.de\/en\/datenschutz\/\" class=\"dropdown-item menu-link\">Privacy statement<\/a>\t<li id=\"menu-item-1010\" class=\"menu-item menu-item-type-post_type menu-item-object-page menu-item-1010 nav-item elementskit-mobile-builder-content\" data-vertical-menu=\"750px\"><a href=\"https:\/\/jochenschell.de\/en\/impressum\/\" class=\"dropdown-item menu-link\">Imprint<\/a>\t<li id=\"menu-item-1272\" class=\"menu-item menu-item-type-post_type menu-item-object-page menu-item-1272 nav-item elementskit-mobile-builder-content\" data-vertical-menu=\"750px\"><a href=\"https:\/\/jochenschell.de\/en\/cookie-richtlinie-eu\/\" class=\"dropdown-item menu-link\">Cookie-Richtlinie (EU)<\/a>\t<li id=\"menu-item-1032\" class=\"menu-item menu-item-type-post_type menu-item-object-page menu-item-1032 nav-item elementskit-mobile-builder-content\" data-vertical-menu=\"750px\"><a href=\"https:\/\/jochenschell.de\/en\/credits\/\" class=\"dropdown-item menu-link\">Credits<\/a><\/ul>\n<\/li>\n<li id=\"menu-item-893\" class=\"trp-language-switcher-container menu-item menu-item-type-post_type menu-item-object-language_switcher menu-item-has-children current-language-menu-item menu-item-893 nav-item elementskit-dropdown-has relative_position elementskit-dropdown-menu-default_width elementskit-mobile-builder-content\" data-vertical-menu=\"750px\"><a href=\"https:\/\/jochenschell.de\/en\/wp-json\/wp\/v2\/pages\/441\" class=\"ekit-menu-nav-link ekit-menu-dropdown-toggle menu-link\"><span data-no-translation><img decoding=\"async\" class=\"trp-flag-image\" src=\"https:\/\/jochenschell.de\/wp-content\/plugins\/translatepress-multilingual\/assets\/images\/flags\/en_GB.png\" width=\"18\" height=\"12\" alt=\"en_GB\" title=\"English (UK)\"><\/span><i aria-hidden=\"true\" class=\"icon icon-arrow-point-to-down elementskit-submenu-indicator\"><\/i><\/a>\n<ul class=\"elementskit-dropdown elementskit-submenu-panel\">\n\t<li id=\"menu-item-779\" class=\"trp-language-switcher-container menu-item menu-item-type-post_type menu-item-object-language_switcher current-language-menu-item menu-item-779 nav-item elementskit-mobile-builder-content\" data-vertical-menu=\"750px\"><a href=\"https:\/\/jochenschell.de\/en\/wp-json\/wp\/v2\/pages\/441\" class=\"dropdown-item menu-link\"><span data-no-translation><img decoding=\"async\" class=\"trp-flag-image\" src=\"https:\/\/jochenschell.de\/wp-content\/plugins\/translatepress-multilingual\/assets\/images\/flags\/de_DE.png\" width=\"18\" height=\"12\" alt=\"de_DE\" title=\"Deutsch\"><\/span><\/a><\/ul>\n<\/li>\n<\/ul><div class=\"elementskit-nav-identity-panel\"><button class=\"elementskit-menu-close elementskit-menu-toggler\" type=\"button\">X<\/button><\/div><\/div>\n\t\t\t<div class=\"elementskit-menu-overlay elementskit-menu-offcanvas-elements elementskit-menu-toggler ekit-nav-menu--overlay\"><\/div>        <\/nav>\n\t\t\t\t\t\t<\/div>\n\t\t\t\t<\/div>\n\t\t\t\t\t<\/div>\n\t\t<\/div>\n\t\t\t\t\t<\/div>\n\t\t<\/section>\n\t\t\t\t<div class=\"elementor-element elementor-element-3bc1f345 elementor-widget elementor-widget-spacer\" data-id=\"3bc1f345\" data-element_type=\"widget\" data-e-type=\"widget\" data-widget_type=\"spacer.default\">\n\t\t\t\t<div class=\"elementor-widget-container\">\n\t\t\t\t\t\t\t<div class=\"elementor-spacer\">\n\t\t\t<div class=\"elementor-spacer-inner\"><\/div>\n\t\t<\/div>\n\t\t\t\t\t\t<\/div>\n\t\t\t\t<\/div>\n\t\t\t\t<div class=\"elementor-element elementor-element-3b58b079 elementor-widget elementor-widget-spacer\" data-id=\"3b58b079\" data-element_type=\"widget\" data-e-type=\"widget\" data-widget_type=\"spacer.default\">\n\t\t\t\t<div class=\"elementor-widget-container\">\n\t\t\t\t\t\t\t<div class=\"elementor-spacer\">\n\t\t\t<div class=\"elementor-spacer-inner\"><\/div>\n\t\t<\/div>\n\t\t\t\t\t\t<\/div>\n\t\t\t\t<\/div>\n\t\t\t\t<div class=\"elementor-element elementor-element-7435e222 elementor-widget elementor-widget-heading\" data-id=\"7435e222\" data-element_type=\"widget\" data-e-type=\"widget\" data-widget_type=\"heading.default\">\n\t\t\t\t<div class=\"elementor-widget-container\">\n\t\t\t\t\t<h2 class=\"elementor-heading-title elementor-size-default\">References<\/h2>\t\t\t\t<\/div>\n\t\t\t\t<\/div>\n\t\t\t\t<div class=\"elementor-element elementor-element-4d109f17 elementor-widget elementor-widget-text-editor\" data-id=\"4d109f17\" data-element_type=\"widget\" data-e-type=\"widget\" data-widget_type=\"text-editor.default\">\n\t\t\t\t<div class=\"elementor-widget-container\">\n\t\t\t\t\t\t\t\t\t<p style=\"text-align: center;\">Variet\u00e9:<\/p><p style=\"text-align: center;\">Tigerpalast, Frankfurt:<br \/>Wintergarten Berlin<br \/>Hansa-Theater, Hamburg<br \/>Krystallpalast, Leipzig<br \/>GOP in Hannover, Essen, Bad Oeynhausen, M\u00fcnster, M\u00fcnchen<br \/>Apollo, D\u00fcsseldorf<br \/>Friedrichsbau, Stuttgart<br \/>Neues Theater, Frankfurt H\u00f6chst<br \/>u.a<\/p><p style=\"text-align: center;\">Zirkus:<\/p><p style=\"text-align: center;\">Monty, Schweiz<br \/>Archaos, Frankreich<br \/>Pajazzo, Schweiz<br \/>Cirque Ingenieux, USA Tour 1997\/98<br \/>World Circus 2000, Japan<br \/>Circus Quantenschaum, Bremen<\/p><p style=\"text-align: center;\">Dinnershows:<\/p><p style=\"text-align: center;\">Witzigmann Palazzo<br \/>Schuhbecks Teatro M\u00fcnchen<br \/>Palazzo Colombino, Basel<br \/>Radio Ton Gourmetpalast, Heilbronn<br \/>Nightcabaret in Aarhus, D\u00e4nemark<\/p><p style=\"text-align: center;\">Festivals:<\/p><p style=\"text-align: center;\">Daidogei World Cup, Shizuoka (Japan)<br \/>Variet\u00e9festival, Sennfeld<br \/>Festival Cirque de Demain, Paris 1990<br \/>Circusfestival, Verona 1994<br \/>Acrobatic Arts Festival, Wuhan, China 2016<br \/>Circusfestival St. Paul les Dax, Frankreich 2016<br \/>Kleines Fest im Gro\u00dfen Garten, Hannover<\/p><p style=\"text-align: center;\">TV:<\/p><p style=\"text-align: center;\">Deutscher Artistenpreis 1999<br \/>Rock \u00b4n\u00b4 Roll Circus, arte, France<br \/>Le plus grand cabaret du monde 2003 und 2005, TV 5<br \/>Solstrom von Cirque du Soleil<br \/>Minuta Slavy, Moskau 2012<\/p><p style=\"text-align: center;\">Zahllose Galas im In- und Ausland.<\/p>\t\t\t\t\t\t\t\t<\/div>\n\t\t\t\t<\/div>\n\t\t\t\t<div class=\"elementor-element elementor-element-deec0b1 elementor-widget elementor-widget-template\" data-id=\"deec0b1\" data-element_type=\"widget\" data-e-type=\"widget\" data-widget_type=\"template.default\">\n\t\t\t\t<div class=\"elementor-widget-container\">\n\t\t\t\t\t\t\t<div class=\"elementor-template\">\n\t\t\t\t\t<footer data-elementor-type=\"footer\" data-elementor-id=\"1215\" class=\"elementor elementor-1215\" data-elementor-post-type=\"elementor_library\">\n\t\t\t\t\t<footer class=\"elementor-section elementor-top-section elementor-element elementor-element-5099879 elementor-section-content-middle elementor-section-boxed elementor-section-height-default elementor-section-height-default\" data-id=\"5099879\" data-element_type=\"section\" data-e-type=\"section\" data-settings=\"{&quot;background_background&quot;:&quot;classic&quot;}\">\n\t\t\t\t\t\t<div class=\"elementor-container elementor-column-gap-default\">\n\t\t\t\t\t<div class=\"elementor-column elementor-col-100 elementor-top-column elementor-element elementor-element-3a221568\" data-id=\"3a221568\" data-element_type=\"column\" data-e-type=\"column\">\n\t\t\t<div class=\"elementor-widget-wrap elementor-element-populated\">\n\t\t\t\t\t\t<div class=\"elementor-element elementor-element-15daf7bd elementor-widget elementor-widget-heading\" data-id=\"15daf7bd\" data-element_type=\"widget\" data-e-type=\"widget\" data-widget_type=\"heading.default\">\n\t\t\t\t<div class=\"elementor-widget-container\">\n\t\t\t\t\t<p class=\"elementor-heading-title elementor-size-default\"><a href=\"https:\/\/jochenschell.de\/en\/\">\u00a9 2020  All rights Reserved by Jochen Schell<\/a><\/p>\t\t\t\t<\/div>\n\t\t\t\t<\/div>\n\t\t\t\t\t<\/div>\n\t\t<\/div>\n\t\t\t\t\t<\/div>\n\t\t<\/footer>\n\t\t\t\t<\/footer>\n\t\t\t\t<\/div>\n\t\t\t\t\t\t<\/div>\n\t\t\t\t<\/div>\n\t\t\t\t\t<\/div>\n\t\t<\/div>\n\t\t\t\t\t<\/div>\n\t\t<\/section>\n\t\t\t\t<\/div>","protected":false},"excerpt":{"rendered":"<p>about Acts Kreisel-Show Ringe-Act Kugel-Act St\u00e4betanz Jalousie Referenzen Kontakt Kontakt Datenschutz Impressum Cookie-Richtlinie (EU) Credits X Referenzen: Variet\u00e9: Tigerpalast, Frankfurt:Wintergarten BerlinHansa-Theater, HamburgKrystallpalast, LeipzigGOP in Hannover, Essen, Bad Oeynhausen, M\u00fcnster, M\u00fcnchenApollo, D\u00fcsseldorfFriedrichsbau, StuttgartNeues Theater, Frankfurt H\u00f6chstu.a Zirkus: Monty, SchweizArchaos, FrankreichPajazzo, SchweizCirque Ingenieux, USA Tour 1997\/98World Circus 2000, JapanCircus Quantenschaum, Bremen Dinnershows: Witzigmann PalazzoSchuhbecks Teatro M\u00fcnchenPalazzo Colombino, [&hellip;]<\/p>\n","protected":false},"author":1,"featured_media":0,"parent":0,"menu_order":0,"comment_status":"closed","ping_status":"closed","template":"elementor_canvas","meta":{"site-sidebar-layout":"no-sidebar","site-content-layout":"page-builder","ast-site-content-layout":"","site-content-style":"default","site-sidebar-style":"default","ast-global-header-display":"","ast-banner-title-visibility":"","ast-main-header-display":"","ast-hfb-above-header-display":"","ast-hfb-below-header-display":"","ast-hfb-mobile-header-display":"","site-post-title":"disabled","ast-breadcrumbs-content":"","ast-featured-img":"disabled","footer-sml-layout":"","theme-transparent-header-meta":"default","adv-header-id-meta":"","stick-header-meta":"","header-above-stick-meta":"","header-main-stick-meta":"","header-below-stick-meta":"","astra-migrate-meta-layouts":"default","ast-page-background-enabled":"default","ast-page-background-meta":{"desktop":{"background-color":"","background-image":"","background-repeat":"repeat","background-position":"center center","background-size":"auto","background-attachment":"scroll","background-type":"","background-media":"","overlay-type":"","overlay-color":"","overlay-gradient":""},"tablet":{"background-color":"","background-image":"","background-repeat":"repeat","background-position":"center center","background-size":"auto","background-attachment":"scroll","background-type":"","background-media":"","overlay-type":"","overlay-color":"","overlay-gradient":""},"mobile":{"background-color":"","background-image":"","background-repeat":"repeat","background-position":"center center","background-size":"auto","background-attachment":"scroll","background-type":"","background-media":"","overlay-type":"","overlay-color":"","overlay-gradient":""}},"ast-content-background-meta":{"desktop":{"background-color":"var(--ast-global-color-5)","background-image":"","background-repeat":"repeat","background-position":"center center","background-size":"auto","background-attachment":"scroll","background-type":"","background-media":"","overlay-type":"","overlay-color":"","overlay-gradient":""},"tablet":{"background-color":"var(--ast-global-color-5)","background-image":"","background-repeat":"repeat","background-position":"center center","background-size":"auto","background-attachment":"scroll","background-type":"","background-media":"","overlay-type":"","overlay-color":"","overlay-gradient":""},"mobile":{"background-color":"var(--ast-global-color-5)","background-image":"","background-repeat":"repeat","background-position":"center center","background-size":"auto","background-attachment":"scroll","background-type":"","background-media":"","overlay-type":"","overlay-color":"","overlay-gradient":""}},"footnotes":""},"class_list":["post-441","page","type-page","status-publish","hentry"],"_links":{"self":[{"href":"https:\/\/jochenschell.de\/en\/wp-json\/wp\/v2\/pages\/441","targetHints":{"allow":["GET"]}}],"collection":[{"href":"https:\/\/jochenschell.de\/en\/wp-json\/wp\/v2\/pages"}],"about":[{"href":"https:\/\/jochenschell.de\/en\/wp-json\/wp\/v2\/types\/page"}],"author":[{"embeddable":true,"href":"https:\/\/jochenschell.de\/en\/wp-json\/wp\/v2\/users\/1"}],"replies":[{"embeddable":true,"href":"https:\/\/jochenschell.de\/en\/wp-json\/wp\/v2\/comments?post=441"}],"version-history":[{"count":8,"href":"https:\/\/jochenschell.de\/en\/wp-json\/wp\/v2\/pages\/441\/revisions"}],"predecessor-version":[{"id":1345,"href":"https:\/\/jochenschell.de\/en\/wp-json\/wp\/v2\/pages\/441\/revisions\/1345"}],"wp:attachment":[{"href":"https:\/\/jochenschell.de\/en\/wp-json\/wp\/v2\/media?parent=441"}],"curies":[{"name":"wp","href":"https:\/\/api.w.org\/{rel}","templated":true}]}}